{"id":1328,"date":"2021-07-13T07:55:25","date_gmt":"2021-07-13T07:55:25","guid":{"rendered":"http:\/\/zosteraconsultoria.com\/?page_id=1328"},"modified":"2022-03-30T13:29:09","modified_gmt":"2022-03-30T13:29:09","slug":"como-lo-hacemos","status":"publish","type":"page","link":"http:\/\/zosteraconsultoria.com\/es\/como-lo-hacemos\/","title":{"rendered":"C\u00f3mo lo hacemos"},"content":{"rendered":"<div id='av_section_1'  class='avia-section main_color avia-section-default avia-no-border-styling  avia-full-stretch avia-bg-style-scroll  avia-builder-el-0  el_before_av_layout_row  avia-builder-el-first   av-minimum-height av-minimum-height-custom  container_wrap fullsize' style='background-repeat: no-repeat; background-image: url(http:\/\/zosteraconsultoria.com\/wp-content\/uploads\/2021\/06\/Cap_fons.png);background-attachment: scroll; background-position: top left;  '  data-section-bg-repeat='stretch'><div class='container' style='height:200px'><main  role=\"main\" itemprop=\"mainContentOfPage\"  class='template-page content  av-content-full alpha units'><div class='post-entry post-entry-type-page post-entry-1328'><div class='entry-content-wrapper clearfix'>\n<div class=\"flex_column av_one_full  av-animated-generic bottom-to-top  flex_column_div av-zero-column-padding first  avia-builder-el-1  avia-builder-el-no-sibling  \" style='border-radius:0px; '><section class=\"av_textblock_section \"  itemscope=\"itemscope\" itemtype=\"https:\/\/schema.org\/CreativeWork\" ><div class='avia_textblock  '   itemprop=\"text\" ><h1 style=\"text-align: center;\"><span style=\"color: #ffffff;\">C\u00f3mo lo hacemos<\/span><\/h1>\n<h2 style=\"text-align: center;\"><span style=\"color: #ffffff;\">Desarrollo y crecimiento que asegura las necesidades del presente sin comprometer las del futuro.<\/span><\/h2>\n<h6 style=\"text-align: center;\"><span style=\"color: #ffffff;\"><strong><a style=\"color: #ffffff;\" href=\"http:\/\/zosteraconsultoria.com\/wp-content\/uploads\/2021\/11\/Sostenibilitat-360-Consultoria-Zostera-Gastronomia-Alimentacion-Sostenible-2021.pdf\" target=\"_blank\" rel=\"noopener\">Trabajamos con una filosof\u00eda de Sostenibilidad 360, si quieres saber m\u00e1s, haz clic aqu\u00ed<\/a><\/strong><\/span><\/h6>\n<\/div><\/section><\/div><\/div><\/div><\/main><!-- close content main element --><\/div><\/div><div id='av-layout-grid-1'  class='av-layout-grid-container entry-content-wrapper main_color av-flex-cells     avia-builder-el-3  el_after_av_section  el_before_av_section  submenu-not-first container_wrap fullsize' style=' '  >\n<div class=\"flex_cell no_margin av_one_half  avia-builder-el-4  el_before_av_cell_one_half  avia-builder-el-first   avia-full-stretch \"  style='height:350px; min-height:350px;background:url(http:\/\/zosteraconsultoria.com\/wp-content\/uploads\/2022\/03\/comhofem.jpg) center center no-repeat scroll; vertical-align:middle; padding:30px; ' ><div class='flex_cell_inner' ><\/div><\/div><div class=\"flex_cell no_margin av_one_half  avia-builder-el-5  el_after_av_cell_one_half  avia-builder-el-last   \"  style='height:350px; min-height:350px;vertical-align:middle; padding:30px; ' ><div class='flex_cell_inner' ><section class=\"av_textblock_section \"  itemscope=\"itemscope\" itemtype=\"https:\/\/schema.org\/CreativeWork\" ><div class='avia_textblock  '   itemprop=\"text\" ><h2><span style=\"color: #48b6a0;\">La Zostera<\/span><\/h2>\n<\/div><\/section><br \/>\n<section class=\"av_textblock_section \"  itemscope=\"itemscope\" itemtype=\"https:\/\/schema.org\/CreativeWork\" ><div class='avia_textblock  '   itemprop=\"text\" ><h5><span style=\"color: #56635a;\">La Zostera es una plata acu\u00e1tica marina que proporciona servicios ecosist\u00e9micos esenciales. Apoya la producci\u00f3n pesquera y el ciclo de nutrientes, protege la costa, estabiliza los sedimentos, proporciona h\u00e1bitat para peces y mariscos y mejora la calidad del agua.<\/span><\/h5>\n<\/div><\/section><\/p>\n<\/div><\/div>\n<\/div><\/p>\n<div id='av_section_2'  class='avia-section main_color avia-section-default avia-no-border-styling  avia-bg-style-scroll  avia-builder-el-8  el_after_av_layout_row  el_before_av_one_fifth   av-minimum-height av-minimum-height-custom  container_wrap fullsize' style='background-color: #e8efec;  '  ><div class='container' style='height:300px'><div class='template-page content  av-content-full alpha units'><div class='post-entry post-entry-type-page post-entry-1328'><div class='entry-content-wrapper clearfix'>\n<div class=\"flex_column av_four_fifth  flex_column_div av-zero-column-padding first  avia-builder-el-9  el_before_av_one_fifth  avia-builder-el-first  \" style='border-radius:0px; '><p><div  style='height:30px' class='hr hr-invisible   avia-builder-el-10  el_before_av_textblock  avia-builder-el-first '><span class='hr-inner ' ><span class='hr-inner-style'><\/span><\/span><\/div><br \/>\n<section class=\"av_textblock_section \"  itemscope=\"itemscope\" itemtype=\"https:\/\/schema.org\/CreativeWork\" ><div class='avia_textblock  '   itemprop=\"text\" ><h2><span style=\"color: #48b6a0;\">Nuestra consultor\u00eda<\/span><\/h2>\n<\/div><\/section><br \/>\n<section class=\"av_textblock_section \"  itemscope=\"itemscope\" itemtype=\"https:\/\/schema.org\/CreativeWork\" ><div class='avia_textblock  '   itemprop=\"text\" ><h5><span style=\"color: #56635a;\">Nuestra consultor\u00eda toma el nombre de Zostera para identificarnos como una propuesta de valor que busca aportar calidad al mundo de la alimentaci\u00f3n a trav\u00e9s de la sostenibilidad y la eficiencia, tejiendo espacios colaborativos hacia la transformaci\u00f3n. Capaces de crear un entorno \u00f3ptimo de sinergias con otros, aportando recursos para encontrar soluciones, respetando el medio para generar riqueza a largo plazo.<\/span><\/h5>\n<\/div><\/section><\/p><\/div><div class=\"flex_column av_one_fifth  flex_column_div av-zero-column-padding   avia-builder-el-13  el_after_av_four_fifth  avia-builder-el-last  \" style='border-radius:0px; '><div  class='avia-image-container  av-styling-    avia-builder-el-14  avia-builder-el-no-sibling  avia-align-center '  itemprop=\"image\" itemscope=\"itemscope\" itemtype=\"https:\/\/schema.org\/ImageObject\"  ><div class='avia-image-container-inner'><div class='avia-image-overlay-wrap'><img class='wp-image-1086 avia-img-lazy-loading-not-1086 avia_image' src=\"http:\/\/zosteraconsultoria.com\/wp-content\/uploads\/2021\/06\/zostera_im.png\" alt='' title='zostera_im' height=\"1000\" width=\"800\"  itemprop=\"thumbnailUrl\" srcset=\"http:\/\/zosteraconsultoria.com\/wp-content\/uploads\/2021\/06\/zostera_im.png 800w, http:\/\/zosteraconsultoria.com\/wp-content\/uploads\/2021\/06\/zostera_im-240x300.png 240w, http:\/\/zosteraconsultoria.com\/wp-content\/uploads\/2021\/06\/zostera_im-768x960.png 768w, http:\/\/zosteraconsultoria.com\/wp-content\/uploads\/2021\/06\/zostera_im-564x705.png 564w\" sizes=\"(max-width: 800px) 100vw, 800px\" \/><\/div><\/div><\/div><\/div>\n<\/div><\/div><\/div><!-- close content main div --><\/div><\/div><div id='after_section_2'  class='main_color av_default_container_wrap container_wrap fullsize' style=' '  ><div class='container' ><div class='template-page content  av-content-full alpha units'><div class='post-entry post-entry-type-page post-entry-1328'><div class='entry-content-wrapper clearfix'>\n<div class=\"flex_column av_one_fifth  flex_column_div av-zero-column-padding first  avia-builder-el-15  el_after_av_section  el_before_av_one_fourth  avia-builder-el-first  \" style='border-radius:0px; '><\/div>\n<div class=\"flex_column av_one_fourth  flex_column_div av-zero-column-padding   avia-builder-el-16  el_after_av_one_fifth  el_before_av_one_third  \" style='border-radius:0px; '><section class=\"av_textblock_section \"  itemscope=\"itemscope\" itemtype=\"https:\/\/schema.org\/CreativeWork\" ><div class='avia_textblock  '   itemprop=\"text\" ><h2 style=\"text-align: right;\"><span style=\"color: #48b6a0;\">\u00bfC\u00f3mo lo hacemos?<\/span><\/h2>\n<\/div><\/section><br \/>\n<section class=\"av_textblock_section \"  itemscope=\"itemscope\" itemtype=\"https:\/\/schema.org\/CreativeWork\" ><div class='avia_textblock  '   itemprop=\"text\" ><h5 style=\"text-align: right;\"><span style=\"color: #56635a;\">La manera de hacer es parte activa del resultado final y s\u00ed, importa.\u00a0<\/span><span style=\"color: #56635a;\">Consigue generar la huella suficiente para empoderar a las personas, que se conviertan en protagonistas de su propio cambio y que adem\u00e1s sea duradero y sostenible.<\/span><\/h5>\n<\/div><\/section><\/p><\/div>\n<div class=\"flex_column av_one_third  flex_column_div av-zero-column-padding   avia-builder-el-19  el_after_av_one_fourth  el_before_av_one_fifth  \" style='border-radius:0px; '><div  id=\"avia-timeline-1\"  class='avia-timeline-container    avia-builder-el-20  avia-builder-el-no-sibling ' ><ul class='avia-timeline avia-timeline-vertical av-milestone-placement-right avia-timeline- avia_animate_when_almost_visible avia-timeline-animate'>\n<li  class='av-milestone av-animated-generic fade-in av-milestone-odd  av-milestone-valign-middle '><h2 class='av-milestone-date  ' style='font-size:13px; ' id='milestone-empaticos'><strong>EMP\u00c1TICOS<span class='av-milestone-indicator'><\/span><\/strong><\/h2><article class='av-milestone-content-wrap'><div class='av-milestone-contentbox' ><div class='av-milestone-content' ><\/div><\/div><footer  class='entry-footer'><\/footer><\/article><div class=\"av-milestone-icon-wrap\"><span class='milestone_icon milestone-icon-hasborder' ><span class='milestone_inner' style='background-image:url(http:\/\/zosteraconsultoria.com\/wp-content\/uploads\/2021\/06\/comhofem_1.png); '>&nbsp;<\/span><\/span><\/div><h2 class='av-milestone-date  ' style='font-size:13px; ' id='milestone-empaticos'><strong>EMP\u00c1TICOS<span class='av-milestone-indicator'><\/span><\/strong><\/h2><\/li>\n<li  class='av-milestone av-animated-generic fade-in av-milestone-even  av-milestone-valign-middle '><h2 class='av-milestone-date  ' style='font-size:13px; ' id='milestone-adaptandonos'><strong>ADAPT\u00c1NDONOS <span class='av-milestone-indicator'><\/span><\/strong><\/h2><article class='av-milestone-content-wrap'><div class='av-milestone-contentbox' ><div class='av-milestone-content' ><\/div><\/div><footer  class='entry-footer'><\/footer><\/article><div class=\"av-milestone-icon-wrap\"><span class='milestone_icon milestone-icon-hasborder' ><span class='milestone_inner' style='background-image:url(http:\/\/zosteraconsultoria.com\/wp-content\/uploads\/2021\/06\/comhofem_2.png); '>&nbsp;<\/span><\/span><\/div><h2 class='av-milestone-date  ' style='font-size:13px; ' id='milestone-adaptandonos'><strong>ADAPT\u00c1NDONOS <span class='av-milestone-indicator'><\/span><\/strong><\/h2><\/li>\n<li  class='av-milestone av-animated-generic fade-in av-milestone-odd  av-milestone-valign-middle '><h2 class='av-milestone-date  ' style='font-size:13px; ' id='milestone-consiguiendo-calidad-de-vida'><strong>CONSIGUIENDO CALIDAD DE VIDA<span class='av-milestone-indicator'><\/span><\/strong><\/h2><article class='av-milestone-content-wrap'><div class='av-milestone-contentbox' ><div class='av-milestone-content' ><\/div><\/div><footer  class='entry-footer'><\/footer><\/article><div class=\"av-milestone-icon-wrap\"><span class='milestone_icon milestone-icon-hasborder' ><span class='milestone_inner' style='background-image:url(http:\/\/zosteraconsultoria.com\/wp-content\/uploads\/2021\/06\/comhofem_3.png); '>&nbsp;<\/span><\/span><\/div><h2 class='av-milestone-date  ' style='font-size:13px; ' id='milestone-consiguiendo-calidad-de-vida'><strong>CONSIGUIENDO CALIDAD DE VIDA<span class='av-milestone-indicator'><\/span><\/strong><\/h2><\/li>\n<li  class='av-milestone av-animated-generic fade-in av-milestone-even  av-milestone-valign-middle '><h2 class='av-milestone-date  ' style='font-size:13px; ' id='milestone-sostenibilidad-360o'><strong>SOSTENIBILIDAD 360\u00ba<span class='av-milestone-indicator'><\/span><\/strong><\/h2><article class='av-milestone-content-wrap'><div class='av-milestone-contentbox' ><div class='av-milestone-content' ><\/div><\/div><footer  class='entry-footer'><\/footer><\/article><div class=\"av-milestone-icon-wrap\"><span class='milestone_icon milestone-icon-hasborder' ><span class='milestone_inner' style='background-image:url(http:\/\/zosteraconsultoria.com\/wp-content\/uploads\/2021\/06\/comhofem_4.png); '>&nbsp;<\/span><\/span><\/div><h2 class='av-milestone-date  ' style='font-size:13px; ' id='milestone-sostenibilidad-360o'><strong>SOSTENIBILIDAD 360\u00ba<span class='av-milestone-indicator'><\/span><\/strong><\/h2><\/li>\n<li  class='av-milestone av-animated-generic fade-in av-milestone-odd  av-milestone-valign-middle '><h2 class='av-milestone-date  ' style='font-size:13px; ' id='milestone-niveles-de-excelencia'><strong>NIVELES DE EXCELENCIA<span class='av-milestone-indicator'><\/span><\/strong><\/h2><article class='av-milestone-content-wrap'><div class='av-milestone-contentbox' ><div class='av-milestone-content' ><\/div><\/div><footer  class='entry-footer'><\/footer><\/article><div class=\"av-milestone-icon-wrap\"><span class='milestone_icon milestone-icon-hasborder' ><span class='milestone_inner' style='background-image:url(http:\/\/zosteraconsultoria.com\/wp-content\/uploads\/2021\/06\/comhofem_5.png); '>&nbsp;<\/span><\/span><\/div><h2 class='av-milestone-date  ' style='font-size:13px; ' id='milestone-niveles-de-excelencia'><strong>NIVELES DE EXCELENCIA<span class='av-milestone-indicator'><\/span><\/strong><\/h2><\/li>\n<li  class='av-milestone av-animated-generic fade-in av-milestone-even  av-milestone-valign-middle '><h2 class='av-milestone-date  ' style='font-size:13px; ' id='milestone-profesionales-en-el-acompanamiento'><strong>PROFESIONALES EN EL ACOMPA\u00d1AMIENTO <span class='av-milestone-indicator'><\/span><\/strong><\/h2><article class='av-milestone-content-wrap'><div class='av-milestone-contentbox' ><div class='av-milestone-content' ><\/div><\/div><footer  class='entry-footer'><\/footer><\/article><div class=\"av-milestone-icon-wrap\"><span class='milestone_icon milestone-icon-hasborder' ><span class='milestone_inner' style='background-image:url(http:\/\/zosteraconsultoria.com\/wp-content\/uploads\/2021\/06\/comhofem_6.png); '>&nbsp;<\/span><\/span><\/div><h2 class='av-milestone-date  ' style='font-size:13px; ' id='milestone-profesionales-en-el-acompanamiento'><strong>PROFESIONALES EN EL ACOMPA\u00d1AMIENTO <span class='av-milestone-indicator'><\/span><\/strong><\/h2><\/li>\n<li  class='av-milestone av-animated-generic fade-in av-milestone-odd  av-milestone-valign-middle '><h2 class='av-milestone-date  ' style='font-size:13px; ' id='milestone-autenticos'><strong>AUT\u00c9NTICOS<span class='av-milestone-indicator'><\/span><\/strong><\/h2><article class='av-milestone-content-wrap'><div class='av-milestone-contentbox' ><div class='av-milestone-content' ><\/div><\/div><footer  class='entry-footer'><\/footer><\/article><div class=\"av-milestone-icon-wrap\"><span class='milestone_icon milestone-icon-hasborder' ><span class='milestone_inner' style='background-image:url(http:\/\/zosteraconsultoria.com\/wp-content\/uploads\/2021\/06\/comhofem_7.png); '>&nbsp;<\/span><\/span><\/div><h2 class='av-milestone-date  ' style='font-size:13px; ' id='milestone-autenticos'><strong>AUT\u00c9NTICOS<span class='av-milestone-indicator'><\/span><\/strong><\/h2><\/li>\n<\/ul><\/div><\/div>\n<div class=\"flex_column av_one_fifth  flex_column_div av-zero-column-padding   avia-builder-el-21  el_after_av_one_third  el_before_av_section  avia-builder-el-last  \" style='border-radius:0px; '><\/div>\n<\/div><\/div><\/div><!-- close content main div --><\/div><\/div><div id='av_section_3'  class='avia-section main_color avia-section-default avia-no-border-styling  avia-bg-style-scroll  avia-builder-el-22  el_after_av_one_fifth  avia-builder-el-last   av-minimum-height av-minimum-height-25  container_wrap fullsize' style='background-color: #48b6a0;  '   data-av_minimum_height_pc='25'><div class='container' ><div class='template-page content  av-content-full alpha units'><div class='post-entry post-entry-type-page post-entry-1328'><div class='entry-content-wrapper clearfix'>\n<div class=\"flex_column av_four_fifth  av-animated-generic bottom-to-top  flex_column_div av-zero-column-padding first  avia-builder-el-23  el_before_av_one_fifth  avia-builder-el-first  \" style='border-radius:0px; '><section class=\"av_textblock_section \"  itemscope=\"itemscope\" itemtype=\"https:\/\/schema.org\/CreativeWork\" ><div class='avia_textblock  '   itemprop=\"text\" ><h5><span style=\"color: #ffffff;\">Contacta con nosotros y cu\u00e9ntanos, en qu\u00e9 te podemos ayudar<\/span><\/h5>\n<\/div><\/section><br \/>\n<form action=\"http:\/\/zosteraconsultoria.com\/es\/como-lo-hacemos\/\" method=\"post\"  class=\"avia_ajax_form av-form-labels-visible   avia-builder-el-25  el_after_av_textblock  avia-builder-el-last  av-custom-form-color av-light-form \" data-avia-form-id=\"1\" data-avia-redirect='' ><fieldset><p class='  first_form  form_element form_element_fourth' id='element_avia_1_1'><label for=\"avia_1_1\">Nombre <abbr class=\"required\" title=\"requerido\">*<\/abbr><\/label> <input name=\"avia_1_1\" class=\"text_input is_empty\" type=\"text\" id=\"avia_1_1\" value=\"\" \/><\/p><p class='  form_element form_element_fourth' id='element_avia_2_1'><label for=\"avia_2_1\">e-mail <abbr class=\"required\" title=\"requerido\">*<\/abbr><\/label> <input name=\"avia_2_1\" class=\"text_input is_empty\" type=\"text\" id=\"avia_2_1\" value=\"\" \/><\/p><p class='  form_element form_element_fourth av-last-visible-form-element' id='element_avia_3_1'><label for=\"avia_3_1\">Mensaje <abbr class=\"required\" title=\"requerido\">*<\/abbr><\/label> <input name=\"avia_3_1\" class=\"text_input is_empty\" type=\"text\" id=\"avia_3_1\" value=\"\" \/><\/p><p class=\"hidden\"><input type=\"text\" name=\"avia_4_1\" class=\"hidden \" id=\"avia_4_1\" value=\"\" \/><\/p><p class=\"form_element form_element_fourth modified_width\"><input type=\"hidden\" value=\"1\" name=\"avia_generated_form1\" \/><input type=\"submit\" value=\"Enviar\" class=\"button\"  data-sending-label=\"Enviando\"\/><\/p><\/fieldset><\/form><div id=\"ajaxresponse_1\" class=\"ajaxresponse ajaxresponse_1 hidden\"><\/div><\/p><\/div><div class=\"flex_column av_one_fifth  av-animated-generic bottom-to-top  flex_column_div av-zero-column-padding avia-link-column av-column-link avia-link-column-hover   avia-builder-el-26  el_after_av_four_fifth  avia-builder-el-last  \" style='border-radius:0px; ' data-link-column-url=\"http:\/\/zosteraconsultoria.com\/wp-content\/uploads\/2021\/11\/Sostenibilitat-360-Consultoria-Zostera-Gastronomia-Alimentacion-Sostenible-2021.pdf\"  data-link-column-target=\"_blank\" ><a class=\"av-screen-reader-only\" href=\"http:\/\/zosteraconsultoria.com\/wp-content\/uploads\/2021\/11\/Sostenibilitat-360-Consultoria-Zostera-Gastronomia-Alimentacion-Sostenible-2021.pdf\" target=\"_blank\" rel=\"noopener\">Follow a manual added link<\/a><div  class='avia-image-container  av-styling-    avia-builder-el-27  avia-builder-el-no-sibling  avia-align-center '  itemprop=\"image\" itemscope=\"itemscope\" itemtype=\"https:\/\/schema.org\/ImageObject\"  ><div class='avia-image-container-inner'><div class='avia-image-overlay-wrap'><img class='wp-image-1074 avia-img-lazy-loading-not-1074 avia_image' src=\"http:\/\/zosteraconsultoria.com\/wp-content\/uploads\/2021\/06\/360-300x300.png\" alt='' title='360' height=\"300\" width=\"300\"  itemprop=\"thumbnailUrl\" srcset=\"http:\/\/zosteraconsultoria.com\/wp-content\/uploads\/2021\/06\/360-300x300.png 300w, http:\/\/zosteraconsultoria.com\/wp-content\/uploads\/2021\/06\/360-80x80.png 80w, http:\/\/zosteraconsultoria.com\/wp-content\/uploads\/2021\/06\/360-36x36.png 36w, http:\/\/zosteraconsultoria.com\/wp-content\/uploads\/2021\/06\/360-180x180.png 180w, http:\/\/zosteraconsultoria.com\/wp-content\/uploads\/2021\/06\/360.png 600w\" sizes=\"(max-width: 300px) 100vw, 300px\" \/><\/div><\/div><\/div><\/div>\n\n","protected":false},"excerpt":{"rendered":"","protected":false},"author":4,"featured_media":0,"parent":0,"menu_order":0,"comment_status":"closed","ping_status":"closed","template":"","meta":[],"yoast_head":"<!-- This site is optimized with the Yoast SEO plugin v18.5.1 - https:\/\/yoast.com\/wordpress\/plugins\/seo\/ -->\n<title>C\u00f3mo lo hacemos - Zostera consultoria<\/title>\n<meta name=\"robots\" content=\"index, follow, max-snippet:-1, max-image-preview:large, max-video-preview:-1\" \/>\n<link rel=\"canonical\" href=\"http:\/\/zosteraconsultoria.com\/es\/como-lo-hacemos\/\" \/>\n<meta property=\"og:locale\" content=\"es_ES\" \/>\n<meta property=\"og:type\" content=\"article\" \/>\n<meta property=\"og:title\" content=\"C\u00f3mo lo hacemos - Zostera consultoria\" \/>\n<meta property=\"og:url\" content=\"http:\/\/zosteraconsultoria.com\/es\/como-lo-hacemos\/\" \/>\n<meta property=\"og:site_name\" content=\"Zostera consultoria\" \/>\n<meta property=\"article:modified_time\" content=\"2022-03-30T13:29:09+00:00\" \/>\n<meta name=\"twitter:card\" content=\"summary\" \/>\n<meta name=\"twitter:label1\" content=\"Tiempo de lectura\" \/>\n\t<meta name=\"twitter:data1\" content=\"6 minutos\" \/>\n<script type=\"application\/ld+json\" class=\"yoast-schema-graph\">{\"@context\":\"https:\/\/schema.org\",\"@graph\":[{\"@type\":\"WebSite\",\"@id\":\"http:\/\/zosteraconsultoria.com\/#website\",\"url\":\"http:\/\/zosteraconsultoria.com\/\",\"name\":\"Zostera consultoria\",\"description\":\"\",\"potentialAction\":[{\"@type\":\"SearchAction\",\"target\":{\"@type\":\"EntryPoint\",\"urlTemplate\":\"http:\/\/zosteraconsultoria.com\/?s={search_term_string}\"},\"query-input\":\"required name=search_term_string\"}],\"inLanguage\":\"es\"},{\"@type\":\"WebPage\",\"@id\":\"http:\/\/zosteraconsultoria.com\/es\/como-lo-hacemos\/#webpage\",\"url\":\"http:\/\/zosteraconsultoria.com\/es\/como-lo-hacemos\/\",\"name\":\"C\u00f3mo lo hacemos - Zostera consultoria\",\"isPartOf\":{\"@id\":\"http:\/\/zosteraconsultoria.com\/#website\"},\"datePublished\":\"2021-07-13T07:55:25+00:00\",\"dateModified\":\"2022-03-30T13:29:09+00:00\",\"breadcrumb\":{\"@id\":\"http:\/\/zosteraconsultoria.com\/es\/como-lo-hacemos\/#breadcrumb\"},\"inLanguage\":\"es\",\"potentialAction\":[{\"@type\":\"ReadAction\",\"target\":[\"http:\/\/zosteraconsultoria.com\/es\/como-lo-hacemos\/\"]}]},{\"@type\":\"BreadcrumbList\",\"@id\":\"http:\/\/zosteraconsultoria.com\/es\/como-lo-hacemos\/#breadcrumb\",\"itemListElement\":[{\"@type\":\"ListItem\",\"position\":1,\"name\":\"Inici\",\"item\":\"http:\/\/zosteraconsultoria.com\/es\/\"},{\"@type\":\"ListItem\",\"position\":2,\"name\":\"C\u00f3mo lo hacemos\"}]}]}<\/script>\n<!-- \/ Yoast SEO plugin. -->","yoast_head_json":{"title":"C\u00f3mo lo hacemos - Zostera consultoria","robots":{"index":"index","follow":"follow","max-snippet":"max-snippet:-1","max-image-preview":"max-image-preview:large","max-video-preview":"max-video-preview:-1"},"canonical":"http:\/\/zosteraconsultoria.com\/es\/como-lo-hacemos\/","og_locale":"es_ES","og_type":"article","og_title":"C\u00f3mo lo hacemos - Zostera consultoria","og_url":"http:\/\/zosteraconsultoria.com\/es\/como-lo-hacemos\/","og_site_name":"Zostera consultoria","article_modified_time":"2022-03-30T13:29:09+00:00","twitter_card":"summary","twitter_misc":{"Tiempo de lectura":"6 minutos"},"schema":{"@context":"https:\/\/schema.org","@graph":[{"@type":"WebSite","@id":"http:\/\/zosteraconsultoria.com\/#website","url":"http:\/\/zosteraconsultoria.com\/","name":"Zostera consultoria","description":"","potentialAction":[{"@type":"SearchAction","target":{"@type":"EntryPoint","urlTemplate":"http:\/\/zosteraconsultoria.com\/?s={search_term_string}"},"query-input":"required name=search_term_string"}],"inLanguage":"es"},{"@type":"WebPage","@id":"http:\/\/zosteraconsultoria.com\/es\/como-lo-hacemos\/#webpage","url":"http:\/\/zosteraconsultoria.com\/es\/como-lo-hacemos\/","name":"C\u00f3mo lo hacemos - Zostera consultoria","isPartOf":{"@id":"http:\/\/zosteraconsultoria.com\/#website"},"datePublished":"2021-07-13T07:55:25+00:00","dateModified":"2022-03-30T13:29:09+00:00","breadcrumb":{"@id":"http:\/\/zosteraconsultoria.com\/es\/como-lo-hacemos\/#breadcrumb"},"inLanguage":"es","potentialAction":[{"@type":"ReadAction","target":["http:\/\/zosteraconsultoria.com\/es\/como-lo-hacemos\/"]}]},{"@type":"BreadcrumbList","@id":"http:\/\/zosteraconsultoria.com\/es\/como-lo-hacemos\/#breadcrumb","itemListElement":[{"@type":"ListItem","position":1,"name":"Inici","item":"http:\/\/zosteraconsultoria.com\/es\/"},{"@type":"ListItem","position":2,"name":"C\u00f3mo lo hacemos"}]}]}},"_links":{"self":[{"href":"http:\/\/zosteraconsultoria.com\/es\/wp-json\/wp\/v2\/pages\/1328"}],"collection":[{"href":"http:\/\/zosteraconsultoria.com\/es\/wp-json\/wp\/v2\/pages"}],"about":[{"href":"http:\/\/zosteraconsultoria.com\/es\/wp-json\/wp\/v2\/types\/page"}],"author":[{"embeddable":true,"href":"http:\/\/zosteraconsultoria.com\/es\/wp-json\/wp\/v2\/users\/4"}],"replies":[{"embeddable":true,"href":"http:\/\/zosteraconsultoria.com\/es\/wp-json\/wp\/v2\/comments?post=1328"}],"version-history":[{"count":10,"href":"http:\/\/zosteraconsultoria.com\/es\/wp-json\/wp\/v2\/pages\/1328\/revisions"}],"predecessor-version":[{"id":1640,"href":"http:\/\/zosteraconsultoria.com\/es\/wp-json\/wp\/v2\/pages\/1328\/revisions\/1640"}],"wp:attachment":[{"href":"http:\/\/zosteraconsultoria.com\/es\/wp-json\/wp\/v2\/media?parent=1328"}],"curies":[{"name":"wp","href":"https:\/\/api.w.org\/{rel}","templated":true}]}}