{"id":1198,"date":"2021-07-13T06:02:06","date_gmt":"2021-07-13T06:02:06","guid":{"rendered":"http:\/\/zosteraconsultoria.com\/?page_id=1198"},"modified":"2024-01-17T08:47:01","modified_gmt":"2024-01-17T08:47:01","slug":"inicio","status":"publish","type":"page","link":"http:\/\/zosteraconsultoria.com\/es\/","title":{"rendered":"Inicio"},"content":{"rendered":"<div id='av_section_1'  class='avia-section main_color avia-section-default avia-no-border-styling  avia-full-stretch avia-bg-style-scroll  avia-builder-el-0  el_before_av_layout_row  avia-builder-el-first   av-minimum-height av-minimum-height-25  container_wrap fullsize' style='background-repeat: no-repeat; background-image: url(http:\/\/zosteraconsultoria.com\/wp-content\/uploads\/2021\/06\/zostera_cap.png);background-attachment: scroll; background-position: center center;  '  data-section-bg-repeat='stretch' data-av_minimum_height_pc='25'><div class='container' ><main  role=\"main\" itemprop=\"mainContentOfPage\"  class='template-page content  av-content-full alpha units'><div class='post-entry post-entry-type-page post-entry-1198'><div class='entry-content-wrapper clearfix'>\n<div class=\"flex_column av_one_fifth  flex_column_div av-zero-column-padding first  avia-builder-el-1  el_before_av_three_fifth  avia-builder-el-first  \" style='border-radius:0px; '><\/div><div class=\"flex_column av_three_fifth  av-animated-generic bottom-to-top  flex_column_div av-zero-column-padding   avia-builder-el-2  el_after_av_one_fifth  el_before_av_one_fifth  \" style='border-radius:0px; '><section class=\"av_textblock_section \"  itemscope=\"itemscope\" itemtype=\"https:\/\/schema.org\/CreativeWork\" ><div class='avia_textblock  '   itemprop=\"text\" ><h1 style=\"text-align: left;\"><span style=\"color: #ffffff;\">Bienvenidos a Zostera Consultoria<\/span><\/h1>\n<\/div><\/section><br \/>\n<section class=\"av_textblock_section \"  itemscope=\"itemscope\" itemtype=\"https:\/\/schema.org\/CreativeWork\" ><div class='avia_textblock  '   itemprop=\"text\" ><h2><span style=\"color: #ffffff;\">\u201cConvertid un \u00e1rbol en le\u00f1a y arder\u00e1 para vosotros, pero no producir\u00e1 flores ni frutas para vuestros hijos\u201d<\/span><\/h2>\n<h6>Rabindranath Tagore<br \/>\n<em><span style=\"color: #c8e9e2;\">Poeta bengal\u00ed<\/span><\/em><\/h6>\n<\/div><\/section><\/p><\/div><div class=\"flex_column av_one_fifth  flex_column_div av-zero-column-padding   avia-builder-el-5  el_after_av_three_fifth  avia-builder-el-last  \" style='border-radius:0px; '><\/div>\n\n<\/div><\/div><\/main><!-- close content main element --><\/div><\/div><div id='av-layout-grid-1'  class='av-layout-grid-container entry-content-wrapper main_color av-flex-cells     avia-builder-el-6  el_after_av_section  el_before_av_layout_row  submenu-not-first container_wrap fullsize' style=' '  >\n<div class=\"flex_cell no_margin av_one_full  avia-builder-el-7  avia-builder-el-no-sibling   \"  style='background: #c7ddda; vertical-align:middle; padding:30px 150px 60px 150px ; background-color:#c7ddda; ' ><div class='flex_cell_inner' ><p><div class=\"flex_column av_one_fifth  av-animated-generic bottom-to-top  flex_column_div av-zero-column-padding avia-link-column av-column-link avia-link-column-hover first  avia-builder-el-8  el_before_av_one_fifth  avia-builder-el-first  \" style='border-radius:0px; ' data-link-column-url=\"http:\/\/zosteraconsultoria.com\/wp-content\/uploads\/2021\/11\/Sostenibilitat-360-Consultoria-Zostera-Gastronomia-Alimentacion-Sostenible-2021.pdf\"  data-link-column-target=\"_blank\" ><a class=\"av-screen-reader-only\" href=\"http:\/\/zosteraconsultoria.com\/wp-content\/uploads\/2021\/11\/Sostenibilitat-360-Consultoria-Zostera-Gastronomia-Alimentacion-Sostenible-2021.pdf\" target=\"_blank\" rel=\"noopener\">Follow a manual added link<\/a><\/div><div class=\"flex_column av_one_fifth  av-animated-generic bottom-to-top  flex_column_div av-zero-column-padding avia-link-column av-column-link avia-link-column-hover   avia-builder-el-9  el_after_av_one_fifth  el_before_av_one_fifth  \" style='border-radius:0px; ' data-link-column-url=\"http:\/\/zosteraconsultoria.com\/wp-content\/uploads\/2021\/11\/Sostenibilitat-360-Consultoria-Zostera-Gastronomia-Alimentacion-Sostenible-2021.pdf\"  data-link-column-target=\"_blank\" ><a class=\"av-screen-reader-only\" href=\"http:\/\/zosteraconsultoria.com\/wp-content\/uploads\/2021\/11\/Sostenibilitat-360-Consultoria-Zostera-Gastronomia-Alimentacion-Sostenible-2021.pdf\" target=\"_blank\" rel=\"noopener\">Follow a manual added link<\/a><\/div><div class=\"flex_column av_one_fifth  av-animated-generic bottom-to-top  flex_column_div av-zero-column-padding avia-link-column av-column-link avia-link-column-hover   avia-builder-el-10  el_after_av_one_fifth  el_before_av_one_fifth  \" style='border-radius:0px; ' data-link-column-url=\"http:\/\/zosteraconsultoria.com\/wp-content\/uploads\/2021\/11\/Sostenibilitat-360-Consultoria-Zostera-Gastronomia-Alimentacion-Sostenible-2021.pdf\"  data-link-column-target=\"_blank\" ><a class=\"av-screen-reader-only\" href=\"http:\/\/zosteraconsultoria.com\/wp-content\/uploads\/2021\/11\/Sostenibilitat-360-Consultoria-Zostera-Gastronomia-Alimentacion-Sostenible-2021.pdf\" target=\"_blank\" rel=\"noopener\">Follow a manual added link<\/a><div  class='avia-image-container  av-styling-    avia-builder-el-11  avia-builder-el-no-sibling  avia-align-center '  itemprop=\"image\" itemscope=\"itemscope\" itemtype=\"https:\/\/schema.org\/ImageObject\"  ><div class='avia-image-container-inner'><div class='avia-image-overlay-wrap'><img class='wp-image-1563 avia-img-lazy-loading-not-1563 avia_image' src=\"http:\/\/zosteraconsultoria.com\/wp-content\/uploads\/2021\/11\/360grados-180x180.png\" alt='' title='360grados' height=\"180\" width=\"180\"  itemprop=\"thumbnailUrl\" srcset=\"http:\/\/zosteraconsultoria.com\/wp-content\/uploads\/2021\/11\/360grados-180x180.png 180w, http:\/\/zosteraconsultoria.com\/wp-content\/uploads\/2021\/11\/360grados-300x300.png 300w, http:\/\/zosteraconsultoria.com\/wp-content\/uploads\/2021\/11\/360grados-80x80.png 80w, http:\/\/zosteraconsultoria.com\/wp-content\/uploads\/2021\/11\/360grados-36x36.png 36w, http:\/\/zosteraconsultoria.com\/wp-content\/uploads\/2021\/11\/360grados.png 600w\" sizes=\"(max-width: 180px) 100vw, 180px\" \/><\/div><\/div><\/div><\/div><div class=\"flex_column av_one_fifth  av-animated-generic bottom-to-top  flex_column_div av-zero-column-padding avia-link-column av-column-link avia-link-column-hover   avia-builder-el-12  el_after_av_one_fifth  el_before_av_one_fifth  \" style='border-radius:0px; ' data-link-column-url=\"http:\/\/zosteraconsultoria.com\/wp-content\/uploads\/2021\/11\/Sostenibilitat-360-Consultoria-Zostera-Gastronomia-Alimentacion-Sostenible-2021.pdf\"  data-link-column-target=\"_blank\" ><a class=\"av-screen-reader-only\" href=\"http:\/\/zosteraconsultoria.com\/wp-content\/uploads\/2021\/11\/Sostenibilitat-360-Consultoria-Zostera-Gastronomia-Alimentacion-Sostenible-2021.pdf\" target=\"_blank\" rel=\"noopener\">Follow a manual added link<\/a><\/div><div class=\"flex_column av_one_fifth  av-animated-generic bottom-to-top  flex_column_div av-zero-column-padding avia-link-column av-column-link avia-link-column-hover   avia-builder-el-13  el_after_av_one_fifth  el_before_av_hr  \" style='border-radius:0px; ' data-link-column-url=\"http:\/\/zosteraconsultoria.com\/wp-content\/uploads\/2021\/11\/Sostenibilitat-360-Consultoria-Zostera-Gastronomia-Alimentacion-Sostenible-2021.pdf\"  data-link-column-target=\"_blank\" ><a class=\"av-screen-reader-only\" href=\"http:\/\/zosteraconsultoria.com\/wp-content\/uploads\/2021\/11\/Sostenibilitat-360-Consultoria-Zostera-Gastronomia-Alimentacion-Sostenible-2021.pdf\" target=\"_blank\" rel=\"noopener\">Follow a manual added link<\/a><\/div><div  style='height:20px' class='hr hr-invisible   avia-builder-el-14  el_after_av_one_fifth  el_before_av_textblock '><span class='hr-inner ' ><span class='hr-inner-style'><\/span><\/span><\/div><br \/>\n<section class=\"av_textblock_section \"  itemscope=\"itemscope\" itemtype=\"https:\/\/schema.org\/CreativeWork\" ><div class='avia_textblock  '   itemprop=\"text\" ><h2 style=\"text-align: center;\"><span style=\"color: #48b6a0;\">Queremos aportar calidad al mundo de la alimentaci\u00f3n y la gastronom\u00eda, a trav\u00e9s de la sostenibilidad 360\u00ba y la eficiencia, tejiendo espacios colaborativos hacia la transformaci\u00f3n.<\/span><\/h2>\n<\/div><\/section><\/p>\n<\/div><\/div>\n<\/div>\n<div id='av-layout-grid-2'  class='av-layout-grid-container entry-content-wrapper main_color av-flex-cells     avia-builder-el-16  el_after_av_layout_row  el_before_av_section  submenu-not-first container_wrap fullsize' style=' '  >\n<div class=\"flex_cell no_margin av_one_fourth  avia-builder-el-17  el_before_av_cell_three_fourth  avia-builder-el-first   \"  style='background: #f5fbfa; vertical-align:middle; padding:50px 20px 50px 20px ; background-color:#f5fbfa; ' ><div class='flex_cell_inner' ><section class=\"av_textblock_section \"  itemscope=\"itemscope\" itemtype=\"https:\/\/schema.org\/CreativeWork\" ><div class='avia_textblock  '   itemprop=\"text\" ><h2 style=\"text-align: center;\"><span style=\"color: #48b6a0;\">Creamos y mejoramos tus recetas para el disfrute de tus clientes<\/span><\/h2>\n<\/div><\/section>\n<\/div><\/div><div class=\"flex_cell no_margin av_three_fourth  avia-builder-el-19  el_after_av_cell_one_fourth  avia-builder-el-last   \"  style='background: #c8e9e2; vertical-align:middle; padding:50px 150px 50px 150px ; background-color:#c8e9e2; ' ><div class='flex_cell_inner' ><section class=\"av_textblock_section \"  itemscope=\"itemscope\" itemtype=\"https:\/\/schema.org\/CreativeWork\" ><div class='avia_textblock  '   itemprop=\"text\" ><h2 style=\"text-align: center;\"><span style=\"color: #48b6a0;\">Te ayudamos con la propuesta gastron\u00f3mica y los resultados de tu negocio, con una visi\u00f3n 360\u00ba<\/span><\/h2>\n<\/div><\/section>\n<\/div><\/div>\n<\/div>\n<div id='av_section_2'  class='avia-section main_color avia-section-default avia-no-border-styling  avia-bg-style-scroll  avia-builder-el-21  el_after_av_layout_row  el_before_av_section   av-minimum-height av-minimum-height-custom  container_wrap fullsize' style='background-color: #48b6a0;  '  ><div class='container' style='height:100px'><div class='template-page content  av-content-full alpha units'><div class='post-entry post-entry-type-page post-entry-1198'><div class='entry-content-wrapper clearfix'>\n<div class=\"flex_column av_one_fifth  flex_column_div av-zero-column-padding first  avia-builder-el-22  el_before_av_three_fifth  avia-builder-el-first  \" style='border-radius:0px; '><\/div><div class=\"flex_column av_three_fifth  av-animated-generic bottom-to-top  flex_column_div av-zero-column-padding   avia-builder-el-23  el_after_av_one_fifth  el_before_av_one_fifth  \" style='border-radius:0px; '><section class=\"av_textblock_section \"  itemscope=\"itemscope\" itemtype=\"https:\/\/schema.org\/CreativeWork\" ><div class='avia_textblock  '   itemprop=\"text\" ><h2><span style=\"color: #ffffff;\">\u201cSi quieres construir un barco no empieces por buscar madera, cortar tablas o distribuir el trabajo. Evoca primero en los hombres y mujeres el anhelo del mar libre y ancho\u201d<\/span><\/h2>\n<h6>Antoine de Saint-Exup\u00e9ry<br \/>\n<em><span style=\"color: #c8e9e2;\">El principito<\/span><\/em><\/h6>\n<\/div><\/section><\/div><div class=\"flex_column av_one_fifth  flex_column_div av-zero-column-padding   avia-builder-el-25  el_after_av_three_fifth  avia-builder-el-last  \" style='border-radius:0px; '><\/div>\n\n<\/div><\/div><\/div><!-- close content main div --><\/div><\/div><div id='av_section_3'  class='avia-section main_color avia-section-default avia-no-border-styling  avia-bg-style-scroll  avia-builder-el-26  el_after_av_section  el_before_av_section   av-minimum-height av-minimum-height-25  container_wrap fullsize' style='background-color: #48b6a0;  '   data-av_minimum_height_pc='25'><div class='container' ><div class='template-page content  av-content-full alpha units'><div class='post-entry post-entry-type-page post-entry-1198'><div class='entry-content-wrapper clearfix'>\n<div class='flex_column_table av-equal-height-column-flextable -flextable' style='margin-top:0; margin-bottom:0; '><div class=\"flex_column av_one_third  av-animated-generic bottom-to-top  flex_column_table_cell av-equal-height-column av-align-middle first  avia-builder-el-27  el_before_av_one_third  avia-builder-el-first  \" style='background: #e1f3ef; padding:100px 30px 100px 30px ; background-color:#e1f3ef; border-radius:0px; '><section class=\"av_textblock_section \"  itemscope=\"itemscope\" itemtype=\"https:\/\/schema.org\/CreativeWork\" ><div class='avia_textblock  '   itemprop=\"text\" ><h2 style=\"text-align: center;\"><span style=\"color: #48b6a0;\">Los servicios se adaptan a las necesidades de nuestros clientes, trabajando la visi\u00f3n global o un \u00e1rea en concreto.<\/span><\/h2>\n<\/div><\/section><\/div><div class='av-flex-placeholder'><\/div><div class=\"flex_column av_one_third  av-animated-generic bottom-to-top  flex_column_table_cell av-equal-height-column av-align-middle   avia-builder-el-29  el_after_av_one_third  el_before_av_one_third  \" style='background: #c7ddda; padding:100px 20px 100px 20px ; background-color:#c7ddda; border-radius:0px; '><section class=\"av_textblock_section \"  itemscope=\"itemscope\" itemtype=\"https:\/\/schema.org\/CreativeWork\" ><div class='avia_textblock  '   itemprop=\"text\" ><h2 style=\"text-align: center;\"><span style=\"color: #48b6a0;\">Dise\u00f1amos nuevos espacios y conceptos.<\/span><\/h2>\n<\/div><\/section><\/div><div class='av-flex-placeholder'><\/div><div class=\"flex_column av_one_third  av-animated-generic bottom-to-top  flex_column_table_cell av-equal-height-column av-align-middle   avia-builder-el-31  el_after_av_one_third  avia-builder-el-last  \" style='background: #c8e9e2; padding:100px 20px 100px 20px ; background-color:#c8e9e2; border-radius:0px; '><section class=\"av_textblock_section \"  itemscope=\"itemscope\" itemtype=\"https:\/\/schema.org\/CreativeWork\" ><div class='avia_textblock  '   itemprop=\"text\" ><h2 style=\"text-align: center;\"><span style=\"color: #48b6a0;\">Trabajamos a medida de cada proyecto y lo valoramos como \u00fanico y singular.<\/span><\/h2>\n<\/div><\/section><\/div><\/div><!--close column table wrapper. Autoclose: 1 -->\n\n<\/div><\/div><\/div><!-- close content main div --><\/div><\/div><div id='av_section_4'  class='avia-section main_color avia-section-default avia-no-border-styling  avia-bg-style-scroll  avia-builder-el-33  el_after_av_section  avia-builder-el-last   av-minimum-height av-minimum-height-25  container_wrap fullsize' style='background-color: #48b6a0;  '   data-av_minimum_height_pc='25'><div class='container' ><div class='template-page content  av-content-full alpha units'><div class='post-entry post-entry-type-page post-entry-1198'><div class='entry-content-wrapper clearfix'>\n<div class=\"flex_column av_four_fifth  av-animated-generic bottom-to-top  flex_column_div av-zero-column-padding first  avia-builder-el-34  avia-builder-el-no-sibling  \" style='border-radius:0px; '><section class=\"av_textblock_section \"  itemscope=\"itemscope\" itemtype=\"https:\/\/schema.org\/CreativeWork\" ><div class='avia_textblock  '   itemprop=\"text\" ><h5><span style=\"color: #ffffff;\">Contacta con nosotros y cu\u00e9ntanos, en qu\u00e9 te podemos ayudar<\/span><\/h5>\n<\/div><\/section><br \/>\n<form action=\"http:\/\/zosteraconsultoria.com\/es\/\" method=\"post\"  class=\"avia_ajax_form av-form-labels-visible   avia-builder-el-36  el_after_av_textblock  avia-builder-el-last  av-custom-form-color av-light-form \" data-avia-form-id=\"1\" data-avia-redirect='' ><fieldset><p class='  first_form  form_element form_element_fourth' id='element_avia_1_1'><label for=\"avia_1_1\">Nombre <abbr class=\"required\" title=\"requerido\">*<\/abbr><\/label> <input name=\"avia_1_1\" class=\"text_input is_empty\" type=\"text\" id=\"avia_1_1\" value=\"\" \/><\/p><p class='  form_element form_element_fourth' id='element_avia_2_1'><label for=\"avia_2_1\">e-mail <abbr class=\"required\" title=\"requerido\">*<\/abbr><\/label> <input name=\"avia_2_1\" class=\"text_input is_empty\" type=\"text\" id=\"avia_2_1\" value=\"\" \/><\/p><p class='  form_element form_element_fourth av-last-visible-form-element' id='element_avia_3_1'><label for=\"avia_3_1\">Mensaje <abbr class=\"required\" title=\"requerido\">*<\/abbr><\/label> <input name=\"avia_3_1\" class=\"text_input is_empty\" type=\"text\" id=\"avia_3_1\" value=\"\" \/><\/p><p class=\"hidden\"><input type=\"text\" name=\"avia_4_1\" class=\"hidden \" id=\"avia_4_1\" value=\"\" \/><\/p><p class=\"form_element form_element_fourth modified_width\"><input type=\"hidden\" value=\"1\" name=\"avia_generated_form1\" \/><input type=\"submit\" value=\"Enviar\" class=\"button\"  data-sending-label=\"Enviando\"\/><\/p><\/fieldset><\/form><div id=\"ajaxresponse_1\" class=\"ajaxresponse ajaxresponse_1 hidden\"><\/div><\/p><\/div>\n\n","protected":false},"excerpt":{"rendered":"","protected":false},"author":4,"featured_media":0,"parent":0,"menu_order":0,"comment_status":"closed","ping_status":"closed","template":"","meta":[],"yoast_head":"<!-- This site is optimized with the Yoast SEO plugin v18.5.1 - https:\/\/yoast.com\/wordpress\/plugins\/seo\/ -->\n<title>Inicio - Zostera consultoria<\/title>\n<meta name=\"robots\" content=\"index, follow, max-snippet:-1, max-image-preview:large, max-video-preview:-1\" \/>\n<link rel=\"canonical\" href=\"http:\/\/zosteraconsultoria.com\/es\/\" \/>\n<meta property=\"og:locale\" content=\"es_ES\" \/>\n<meta property=\"og:type\" content=\"article\" \/>\n<meta property=\"og:title\" content=\"Inicio - Zostera consultoria\" \/>\n<meta property=\"og:url\" content=\"http:\/\/zosteraconsultoria.com\/es\/\" \/>\n<meta property=\"og:site_name\" content=\"Zostera consultoria\" \/>\n<meta property=\"article:modified_time\" content=\"2024-01-17T08:47:01+00:00\" \/>\n<meta name=\"twitter:card\" content=\"summary\" \/>\n<meta name=\"twitter:label1\" content=\"Tiempo de lectura\" \/>\n\t<meta name=\"twitter:data1\" content=\"8 minutos\" \/>\n<script type=\"application\/ld+json\" class=\"yoast-schema-graph\">{\"@context\":\"https:\/\/schema.org\",\"@graph\":[{\"@type\":\"WebSite\",\"@id\":\"http:\/\/zosteraconsultoria.com\/#website\",\"url\":\"http:\/\/zosteraconsultoria.com\/\",\"name\":\"Zostera consultoria\",\"description\":\"\",\"potentialAction\":[{\"@type\":\"SearchAction\",\"target\":{\"@type\":\"EntryPoint\",\"urlTemplate\":\"http:\/\/zosteraconsultoria.com\/?s={search_term_string}\"},\"query-input\":\"required name=search_term_string\"}],\"inLanguage\":\"es\"},{\"@type\":\"WebPage\",\"@id\":\"http:\/\/zosteraconsultoria.com\/es\/#webpage\",\"url\":\"http:\/\/zosteraconsultoria.com\/es\/\",\"name\":\"Inicio - Zostera consultoria\",\"isPartOf\":{\"@id\":\"http:\/\/zosteraconsultoria.com\/#website\"},\"datePublished\":\"2021-07-13T06:02:06+00:00\",\"dateModified\":\"2024-01-17T08:47:01+00:00\",\"breadcrumb\":{\"@id\":\"http:\/\/zosteraconsultoria.com\/es\/#breadcrumb\"},\"inLanguage\":\"es\",\"potentialAction\":[{\"@type\":\"ReadAction\",\"target\":[\"http:\/\/zosteraconsultoria.com\/es\/\"]}]},{\"@type\":\"BreadcrumbList\",\"@id\":\"http:\/\/zosteraconsultoria.com\/es\/#breadcrumb\",\"itemListElement\":[{\"@type\":\"ListItem\",\"position\":1,\"name\":\"Inici\",\"item\":\"http:\/\/zosteraconsultoria.com\/es\/\"},{\"@type\":\"ListItem\",\"position\":2,\"name\":\"Inicio\"}]}]}<\/script>\n<!-- \/ Yoast SEO plugin. -->","yoast_head_json":{"title":"Inicio - Zostera consultoria","robots":{"index":"index","follow":"follow","max-snippet":"max-snippet:-1","max-image-preview":"max-image-preview:large","max-video-preview":"max-video-preview:-1"},"canonical":"http:\/\/zosteraconsultoria.com\/es\/","og_locale":"es_ES","og_type":"article","og_title":"Inicio - Zostera consultoria","og_url":"http:\/\/zosteraconsultoria.com\/es\/","og_site_name":"Zostera consultoria","article_modified_time":"2024-01-17T08:47:01+00:00","twitter_card":"summary","twitter_misc":{"Tiempo de lectura":"8 minutos"},"schema":{"@context":"https:\/\/schema.org","@graph":[{"@type":"WebSite","@id":"http:\/\/zosteraconsultoria.com\/#website","url":"http:\/\/zosteraconsultoria.com\/","name":"Zostera consultoria","description":"","potentialAction":[{"@type":"SearchAction","target":{"@type":"EntryPoint","urlTemplate":"http:\/\/zosteraconsultoria.com\/?s={search_term_string}"},"query-input":"required name=search_term_string"}],"inLanguage":"es"},{"@type":"WebPage","@id":"http:\/\/zosteraconsultoria.com\/es\/#webpage","url":"http:\/\/zosteraconsultoria.com\/es\/","name":"Inicio - Zostera consultoria","isPartOf":{"@id":"http:\/\/zosteraconsultoria.com\/#website"},"datePublished":"2021-07-13T06:02:06+00:00","dateModified":"2024-01-17T08:47:01+00:00","breadcrumb":{"@id":"http:\/\/zosteraconsultoria.com\/es\/#breadcrumb"},"inLanguage":"es","potentialAction":[{"@type":"ReadAction","target":["http:\/\/zosteraconsultoria.com\/es\/"]}]},{"@type":"BreadcrumbList","@id":"http:\/\/zosteraconsultoria.com\/es\/#breadcrumb","itemListElement":[{"@type":"ListItem","position":1,"name":"Inici","item":"http:\/\/zosteraconsultoria.com\/es\/"},{"@type":"ListItem","position":2,"name":"Inicio"}]}]}},"_links":{"self":[{"href":"http:\/\/zosteraconsultoria.com\/es\/wp-json\/wp\/v2\/pages\/1198"}],"collection":[{"href":"http:\/\/zosteraconsultoria.com\/es\/wp-json\/wp\/v2\/pages"}],"about":[{"href":"http:\/\/zosteraconsultoria.com\/es\/wp-json\/wp\/v2\/types\/page"}],"author":[{"embeddable":true,"href":"http:\/\/zosteraconsultoria.com\/es\/wp-json\/wp\/v2\/users\/4"}],"replies":[{"embeddable":true,"href":"http:\/\/zosteraconsultoria.com\/es\/wp-json\/wp\/v2\/comments?post=1198"}],"version-history":[{"count":10,"href":"http:\/\/zosteraconsultoria.com\/es\/wp-json\/wp\/v2\/pages\/1198\/revisions"}],"predecessor-version":[{"id":1969,"href":"http:\/\/zosteraconsultoria.com\/es\/wp-json\/wp\/v2\/pages\/1198\/revisions\/1969"}],"wp:attachment":[{"href":"http:\/\/zosteraconsultoria.com\/es\/wp-json\/wp\/v2\/media?parent=1198"}],"curies":[{"name":"wp","href":"https:\/\/api.w.org\/{rel}","templated":true}]}}